{"id":11628,"date":"2016-08-01T13:06:33","date_gmt":"2016-08-01T13:06:33","guid":{"rendered":"http:\/\/gjd.si\/wordpress\/?page_id=11628"},"modified":"2025-12-24T17:34:41","modified_gmt":"2025-12-24T17:34:41","slug":"domov","status":"publish","type":"page","link":"http:\/\/gjd.si\/wordpress\/","title":{"rendered":"DOMOV"},"content":{"rendered":"\n<div id=\"rev_slider_1_1_wrapper\" class=\"rev_slider_wrapper fullwidthbanner-container\" style=\"margin:0px auto;background-color:transparent;padding:0px;margin-top:0px;margin-bottom:0px;\">\n<!-- START REVOLUTION SLIDER 5.2.5 fullwidth mode -->\n\t<div id=\"rev_slider_1_1\" class=\"rev_slider fullwidthabanner\" style=\"display:none;\" data-version=\"5.2.5\">\n<ul>\t<!-- SLIDE  -->\n\t<li data-index=\"rs-9\" data-transition=\"slideleft\" data-slotamount=\"default\" data-hideafterloop=\"0\" data-hideslideonmobile=\"off\"  data-easein=\"default\" data-easeout=\"default\" data-masterspeed=\"default\"  data-rotate=\"0\"  data-saveperformance=\"off\"  data-title=\"Slide\" data-param1=\"\" data-param2=\"\" data-param3=\"\" data-param4=\"\" data-param5=\"\" data-param6=\"\" data-param7=\"\" data-param8=\"\" data-param9=\"\" data-param10=\"\" data-description=\"\">\n\t\t<!-- MAIN IMAGE -->\n\t\t<img src=\"http:\/\/gjd.si\/wordpress\/wp-content\/uploads\/2018\/05\/Izola_Avtosola1.jpg\"  alt=\"\" title=\"Izola_Avtosola1\"  width=\"3840\" height=\"2160\" data-bgposition=\"center center\" data-bgfit=\"cover\" data-bgrepeat=\"no-repeat\" data-bgparallax=\"off\" class=\"rev-slidebg\" data-no-retina>\n\t\t<!-- LAYERS -->\n\t<\/li>\n\t<!-- SLIDE  -->\n\t<li data-index=\"rs-1\" data-transition=\"slideleft\" data-slotamount=\"default\" data-hideafterloop=\"0\" data-hideslideonmobile=\"off\"  data-easein=\"default\" data-easeout=\"default\" data-masterspeed=\"default\"  data-rotate=\"0\"  data-saveperformance=\"off\"  data-title=\"Slide\" data-param1=\"\" data-param2=\"\" data-param3=\"\" data-param4=\"\" data-param5=\"\" data-param6=\"\" data-param7=\"\" data-param8=\"\" data-param9=\"\" data-param10=\"\" data-description=\"\">\n\t\t<!-- MAIN IMAGE -->\n\t\t<img src=\"http:\/\/gjd.si\/wordpress\/wp-content\/uploads\/2016\/07\/car.jpg\"  alt=\"\" title=\"car\"  width=\"4032\" height=\"3024\" data-bgposition=\"center center\" data-bgfit=\"cover\" data-bgrepeat=\"no-repeat\" data-bgparallax=\"14\" class=\"rev-slidebg\" data-no-retina>\n\t\t<!-- LAYERS -->\n\t<\/li>\n\t<!-- SLIDE  -->\n\t<li data-index=\"rs-8\" data-transition=\"slideleft\" data-slotamount=\"default\" data-hideafterloop=\"0\" data-hideslideonmobile=\"off\"  data-easein=\"default\" data-easeout=\"default\" data-masterspeed=\"default\"  data-rotate=\"0\"  data-saveperformance=\"off\"  data-title=\"Slide\" data-param1=\"\" data-param2=\"\" data-param3=\"\" data-param4=\"\" data-param5=\"\" data-param6=\"\" data-param7=\"\" data-param8=\"\" data-param9=\"\" data-param10=\"\" data-description=\"\">\n\t\t<!-- MAIN IMAGE -->\n\t\t<img src=\"http:\/\/gjd.si\/wordpress\/wp-content\/uploads\/2018\/02\/Avtosola-Koper-Izola-GJD-Moto.jpg\"  alt=\"Avtosola Koper Izola GJD Moto\" title=\"Avtosola Koper Izola GJD Moto\"  width=\"1080\" height=\"608\" data-bgposition=\"center center\" data-bgfit=\"cover\" data-bgrepeat=\"no-repeat\" data-bgparallax=\"off\" class=\"rev-slidebg\" data-no-retina>\n\t\t<!-- LAYERS -->\n\t<\/li>\n\t<!-- SLIDE  -->\n\t<li data-index=\"rs-2\" data-transition=\"slideleft\" data-slotamount=\"default\" data-hideafterloop=\"0\" data-hideslideonmobile=\"off\"  data-easein=\"default\" data-easeout=\"default\" data-masterspeed=\"default\"  data-rotate=\"0\"  data-saveperformance=\"off\"  data-title=\"Slide\" data-param1=\"\" data-param2=\"\" data-param3=\"\" data-param4=\"\" data-param5=\"\" data-param6=\"\" data-param7=\"\" data-param8=\"\" data-param9=\"\" data-param10=\"\" data-description=\"\">\n\t\t<!-- MAIN IMAGE -->\n\t\t<img src=\"http:\/\/gjd.si\/wordpress\/wp-content\/uploads\/2016\/08\/pisarna_cropped.jpg\"  alt=\"\" title=\"pisarna_cropped\"  width=\"1240\" height=\"468\" data-bgposition=\"center center\" data-bgfit=\"cover\" data-bgrepeat=\"no-repeat\" data-bgparallax=\"off\" class=\"rev-slidebg\" data-no-retina>\n\t\t<!-- LAYERS -->\n\t<\/li>\n<\/ul>\n<div class=\"tp-bannertimer tp-bottom\" style=\"visibility: hidden !important;\"><\/div>\t<\/div>\n<script>var htmlDiv = document.getElementById(\"rs-plugin-settings-inline-css\"); var htmlDivCss=\"\";\r\n\t\t\t\tif(htmlDiv) {\r\n\t\t\t\t\thtmlDiv.innerHTML = htmlDiv.innerHTML + htmlDivCss;\r\n\t\t\t\t}else{\r\n\t\t\t\t\tvar htmlDiv = document.createElement(\"div\");\r\n\t\t\t\t\thtmlDiv.innerHTML = \"<style>\" + htmlDivCss + \"<\/style>\";\r\n\t\t\t\t\tdocument.getElementsByTagName(\"head\")[0].appendChild(htmlDiv.childNodes[0]);\r\n\t\t\t\t}\r\n\t\t\t<\/script>\n\t\t<script type=\"text\/javascript\">\r\n\t\t\t\t\t\t\/******************************************\r\n\t\t\t\t-\tPREPARE PLACEHOLDER FOR SLIDER\t-\r\n\t\t\t******************************************\/\r\n\r\n\t\t\tvar setREVStartSize=function(){\r\n\t\t\t\ttry{var e=new Object,i=jQuery(window).width(),t=9999,r=0,n=0,l=0,f=0,s=0,h=0;\r\n\t\t\t\t\te.c = jQuery('#rev_slider_1_1');\r\n\t\t\t\t\te.gridwidth = [1240];\r\n\t\t\t\t\te.gridheight = [468];\r\n\t\t\t\t\t\t\t\r\n\t\t\t\t\te.sliderLayout = \"fullwidth\";\r\n\t\t\t\t\tif(e.responsiveLevels&&(jQuery.each(e.responsiveLevels,function(e,f){f>i&&(t=r=f,l=e),i>f&&f>r&&(r=f,n=e)}),t>r&&(l=n)),f=e.gridheight[l]||e.gridheight[0]||e.gridheight,s=e.gridwidth[l]||e.gridwidth[0]||e.gridwidth,h=i\/s,h=h>1?1:h,f=Math.round(h*f),\"fullscreen\"==e.sliderLayout){var u=(e.c.width(),jQuery(window).height());if(void 0!=e.fullScreenOffsetContainer){var c=e.fullScreenOffsetContainer.split(\",\");if (c) jQuery.each(c,function(e,i){u=jQuery(i).length>0?u-jQuery(i).outerHeight(!0):u}),e.fullScreenOffset.split(\"%\").length>1&&void 0!=e.fullScreenOffset&&e.fullScreenOffset.length>0?u-=jQuery(window).height()*parseInt(e.fullScreenOffset,0)\/100:void 0!=e.fullScreenOffset&&e.fullScreenOffset.length>0&&(u-=parseInt(e.fullScreenOffset,0))}f=u}else void 0!=e.minHeight&&f<e.minHeight&&(f=e.minHeight);e.c.closest(\".rev_slider_wrapper\").css({height:f})\r\n\t\t\t\t\t\r\n\t\t\t\t}catch(d){console.log(\"Failure at Presize of Slider:\"+d)}\r\n\t\t\t};\r\n\t\t\t\r\n\t\t\tsetREVStartSize();\r\n\t\t\t\r\n\t\t\t\t\t\tvar tpj=jQuery;\r\n\t\t\t\r\n\t\t\tvar revapi1;\r\n\t\t\ttpj(document).ready(function() {\n\t\t\t\tif(tpj(\"#rev_slider_1_1\").revolution == undefined){\n\t\t\t\t\trevslider_showDoubleJqueryError(\"#rev_slider_1_1\");\n\t\t\t\t}else{\n\t\t\t\t\trevapi1 = tpj(\"#rev_slider_1_1\").show().revolution({\n\t\t\t\t\t\tsliderType:\"standard\",\njsFileLocation:\"\/\/gjd.si\/wordpress\/wp-content\/plugins\/revslider\/public\/assets\/js\/\",\n\t\t\t\t\t\tsliderLayout:\"fullwidth\",\n\t\t\t\t\t\tdottedOverlay:\"none\",\n\t\t\t\t\t\tdelay:9000,\n\t\t\t\t\t\tnavigation: {\n\t\t\t\t\t\t\tonHoverStop:\"off\",\n\t\t\t\t\t\t},\n\t\t\t\t\t\tvisibilityLevels:[1240,1024,778,480],\n\t\t\t\t\t\tgridwidth:1240,\n\t\t\t\t\t\tgridheight:468,\n\t\t\t\t\t\tlazyType:\"none\",\n\t\t\t\t\t\tparallax: {\n\t\t\t\t\t\t\ttype:\"scroll\",\n\t\t\t\t\t\t\torigo:\"enterpoint\",\n\t\t\t\t\t\t\tspeed:400,\n\t\t\t\t\t\t\tlevels:[5,10,15,20,25,30,35,40,45,46,47,48,49,50,51,55],\n\t\t\t\t\t\t\ttype:\"scroll\",\n\t\t\t\t\t\t\tdisable_onmobile:\"on\"\n\t\t\t\t\t\t},\n\t\t\t\t\t\tshadow:0,\n\t\t\t\t\t\tspinner:\"spinner0\",\n\t\t\t\t\t\tstopLoop:\"off\",\n\t\t\t\t\t\tstopAfterLoops:-1,\n\t\t\t\t\t\tstopAtSlide:-1,\n\t\t\t\t\t\tshuffle:\"off\",\n\t\t\t\t\t\tautoHeight:\"off\",\n\t\t\t\t\t\tdisableProgressBar:\"on\",\n\t\t\t\t\t\thideThumbsOnMobile:\"off\",\n\t\t\t\t\t\thideSliderAtLimit:0,\n\t\t\t\t\t\thideCaptionAtLimit:0,\n\t\t\t\t\t\thideAllCaptionAtLilmit:0,\n\t\t\t\t\t\tdebugMode:false,\n\t\t\t\t\t\tfallbacks: {\n\t\t\t\t\t\t\tsimplifyAll:\"off\",\n\t\t\t\t\t\t\tnextSlideOnWindowFocus:\"off\",\n\t\t\t\t\t\t\tdisableFocusListener:false,\n\t\t\t\t\t\t}\n\t\t\t\t\t});\n\t\t\t\t}\n\t\t\t});\t\/*ready*\/\n\t\t<\/script>\r\n\t\t<\/div><!-- END REVOLUTION SLIDER --><h1>\u0160ola vo\u017enje <span style=\"color: #00ccff;\">GJD<\/span>, Izola, Koper, Piran, nudi teoreti\u010dno in prakti\u010dno usposabljanje za pridobitev vozni\u0161kega izpita <span style=\"color: #eb09a3;\">AM<\/span>; <span style=\"color: #eb09a3;\">A1<\/span>; <span style=\"color: #eb09a3;\">A2<\/span>; <span style=\"color: #eb09a3;\">A<\/span>; <span style=\"color: #eb09a3;\">B <\/span>in <span style=\"color: #eb09a3;\">BE<\/span> kategorij.<\/h1>\n<div class=\"_iPk\">\n<div class=\"_rl\">\u0160ola vo\u017enje GJD, prometni center, d.o.o. vam nudi vse za pridobitev\u00a0vozni\u0161kega izpita AM; A1; A2; A in B\u00a0kategorij. Profesionalna in izku\u0161ena mentorska ekipa pou\u010duje kandidate vseh starosti, da \u010dim prej in \u010dim bolj osvojijo ve\u0161\u010dine za vozni\u0161ki izpit. Organizirajo vse od te\u010daja cestno prometnih predpisov (CPP) pa do zaklju\u010dne vo\u017enje za vozni\u0161ki izpit. Vo\u017enjo pou\u010dujejo na sodobnih in varnih vozilih Volkswagen Golf 7.\u00a0Delujemo na podro\u010dju Izola, Koper in Piran.<\/div>\n<\/div>\n<div class=\"fusion-sep-clear\"><\/div><div class=\"fusion-separator fusion-full-width-sep sep-single\" style=\"border-color:#e0dede;border-top-width:1px;margin-left: auto;margin-right: auto;margin-top:20px;margin-bottom:20px;\"><\/div><h2><span style=\"color: #00ccff;\">Organiziramo\u00a0te\u010daj VDT<\/span> &#8211; varno delo s traktorjem in traktorskimi priklju\u010dki.<\/h2>\n<div class=\"fusion-sep-clear\"><\/div><div class=\"fusion-separator fusion-full-width-sep sep-single\" style=\"border-color:#e0dede;border-top-width:1px;margin-left: auto;margin-right: auto;margin-top:;margin-bottom:20px;\"><\/div><div class=\"fusion-title title fusion-sep-none fusion-title-size-one\" style=\"margin-top:0px;margin-bottom:31px;\"><h1 class=\"title-heading-left\">Zadnje novice<\/h1><\/div><div class=\"fusion-recent-posts avada-container layout-default layout-columns-3\"><section class=\"fusion-columns columns fusion-columns-3 columns-3\"><div class=\"fusion-column column col col-lg-4 col-md-4 col-sm-4\"><div class=\"recent-posts-content\">\r\n\t\r\n\t\t\t<span class=\"vcard\" style=\"display: none;\">\r\n\t\t\t<span class=\"fn\">\r\n\t\t\t\t<a href=\"http:\/\/gjd.si\/wordpress\/author\/novo\/\" title=\"Posts by novo\" rel=\"author\">novo<\/a>\t\t\t<\/span>\r\n\t\t<\/span>\r\n\t\r\n\t\t\t<span class=\"updated\" style=\"display:none;\">\r\n\t\t\t2026-04-22T12:40:18+00:00\t\t<\/span>\r\n\t\r\n<h4 class=\"entry-title\"><a href=\"http:\/\/gjd.si\/wordpress\/tecaj-cpp-koper-20-05-2026-ob-1600\/\">TE\u010cAJ CPP KOPER 20.05.2026 OB 16:00<\/a><\/h4><p>Spo\u0161tovani,&nbsp; v\u00a0sredo 20.05.2026\u00a0ob\u00a016:00\u00a0uri pri\u010dnemo s\u00a0TE\u010cAJEM\u00a0CPP. Termini te\u010daj CPP \u2013 6 dni: Splo\u0161ni del&nbsp;(obvezna prisotnost 3 dni) sreda 20.05.2026 od 16:00 do 19:00 \u010detrtek 21.05.2026 od 16:00 do 19:00 petek 22.05.2026 od 16:00 do 19:00 sobota <a href=\"http:\/\/gjd.si\/wordpress\/tecaj-cpp-koper-20-05-2026-ob-1600\/\">[...]<\/a><\/p><\/div><\/div><div class=\"fusion-column column col col-lg-4 col-md-4 col-sm-4\"><div class=\"recent-posts-content\">\r\n\t\r\n\t\t\t<span class=\"vcard\" style=\"display: none;\">\r\n\t\t\t<span class=\"fn\">\r\n\t\t\t\t<a href=\"http:\/\/gjd.si\/wordpress\/author\/novo\/\" title=\"Posts by novo\" rel=\"author\">novo<\/a>\t\t\t<\/span>\r\n\t\t<\/span>\r\n\t\r\n\t\t\t<span class=\"updated\" style=\"display:none;\">\r\n\t\t\t2026-04-22T12:31:50+00:00\t\t<\/span>\r\n\t\r\n<h4 class=\"entry-title\"><a href=\"http:\/\/gjd.si\/wordpress\/tecaj-cpp-izola-12-05-2026-ob-1600\/\">TE\u010cAJ CPP IZOLA 12.05.2026 ob 16:00<\/a><\/h4><p>Spo\u0161tovani,&nbsp; v\u00a0torek 12.05.2026\u00a0ob\u00a016:00\u00a0uri\u00a0pri\u010dnemo s\u00a0TE\u010cAJEM\u00a0CPP.\u00a0 Termini te\u010daj CPP \u2013 6 dni: Splo\u0161ni del&nbsp;(obvezna prisotnost 3 dni) torek 12.05.2026 od 16:00 do 19:00 sreda 13.05.2026 od 16:00 do 19:00 \u010detrtek 14.05.2026 od 16:00 do 19:00 petek 15.05.2026 <a href=\"http:\/\/gjd.si\/wordpress\/tecaj-cpp-izola-12-05-2026-ob-1600\/\">[...]<\/a><\/p><\/div><\/div><div class=\"fusion-column column col col-lg-4 col-md-4 col-sm-4\"><div class=\"recent-posts-content\">\r\n\t\r\n\t\t\t<span class=\"vcard\" style=\"display: none;\">\r\n\t\t\t<span class=\"fn\">\r\n\t\t\t\t<a href=\"http:\/\/gjd.si\/wordpress\/author\/novo\/\" title=\"Posts by novo\" rel=\"author\">novo<\/a>\t\t\t<\/span>\r\n\t\t<\/span>\r\n\t\r\n\t\t\t<span class=\"updated\" style=\"display:none;\">\r\n\t\t\t2026-04-20T08:48:09+00:00\t\t<\/span>\r\n\t\r\n<h4 class=\"entry-title\"><a href=\"http:\/\/gjd.si\/wordpress\/izpit-za-traktor-vdt-varno-delo-s-traktorjem-in-traktorskimi-pripomocki-14-05-2026\/\">IZPIT ZA TRAKTOR \u2013 VDT (varno delo s traktorjem in traktorskimi pripomo\u010dki) 14.05.2026<\/a><\/h4><p>Spo\u0161tovani, v\u00a0\u010cETRTEK, dne\u00a014.05.2026 ob 16:00\u00a0uri in\u00a0PETEK\u00a0dne\u00a015.05.2026 ob 16:00 uri\u00a0bodo potekala predavanja za\u00a0izpit za traktor\u00a0(VDT) oba dneva v prostorih\u00a0\u0161ole vo\u017enje GJD, Prometni center d.o.o. (Ferrarska ulica 8, 6000 KOPER) V PONEDELJEK dne\u00a0\u00a018.05.2026 ob 15:00\u00a0pa bo\u00a0izpitni\u00a0in\u00a0prakti\u010dni\u00a0del potekal\u00a0v <a href=\"http:\/\/gjd.si\/wordpress\/izpit-za-traktor-vdt-varno-delo-s-traktorjem-in-traktorskimi-pripomocki-14-05-2026\/\">[...]<\/a><\/p><\/div><\/div><div class=\"fusion-clearfix\"><\/div><\/section><\/div><div class=\"fusion-sep-clear\"><\/div><div class=\"fusion-separator fusion-full-width-sep sep-single\" style=\"border-color:#e0dede;border-top-width:1px;margin-left: auto;margin-right: auto;margin-top:;margin-bottom:20px;\"><\/div><div class=\"fusion-title title fusion-sep-none fusion-title-size-one\" style=\"margin-top:0px;margin-bottom:31px;\"><h1 class=\"title-heading-left\">Na\u0161a ekipa<\/h1><\/div><div class=\"fusion-one-half fusion-layout-column fusion-spacing-yes\" style=\"margin-top:0px;margin-bottom:20px;\"><div class=\"fusion-column-wrapper\"><div class=\"fusion-person person fusion-person-left fusion-person-icon-top\"><div class=\"person-desc\"><div class=\"person-author\"><div class=\"person-author-wrapper\"><span class=\"person-name\">NOVO PRODI\u0106<\/span><span class=\"person-title\">U\u010cITELJ CPP \/ U\u010cITELJ VO\u017dNJE<\/span><\/div><div class=\"fusion-social-networks\"><div class=\"fusion-social-networks-wrapper\"><a class=\"fusion-social-network-icon fusion-tooltip fusion-mail fusion-icon-mail\" href=\"mailto:novo.prodic@gjd.si\" target=\"_self\" style=\"color:#bebdbd;font-size:16px;\" data-placement=\"top\" data-title=\"Mail\" title=\"Mail\" data-toggle=\"tooltip\"><\/a><\/div><\/div><\/div><div class=\"person-content fusion-clearfix\">Kategorije: AM &#8211; A1 &#8211; A2 &#8211; A &#8211; B &#8211; C &#8211; CE &#8211; D <\/div><\/div><\/div><div class=\"fusion-clearfix\"><\/div><\/div><\/div><div class=\"fusion-one-half fusion-layout-column fusion-column-last fusion-spacing-yes\" style=\"margin-top:0px;margin-bottom:20px;\"><div class=\"fusion-column-wrapper\"><div class=\"fusion-person person fusion-person-left fusion-person-icon-top\"><div class=\"person-desc\"><div class=\"person-author\"><div class=\"person-author-wrapper\"><span class=\"person-name\">LASOVAN BRDAR<\/span><span class=\"person-title\">U\u010cITELJ CPP \/ U\u010cITELJ VO\u017dNJE<\/span><\/div><\/div><div class=\"person-content fusion-clearfix\">Kategorije: AM \u2013 A1 \u2013 A2 \u2013 A \u2013 B \u2013 C \u2013 CE \u2013 D<\/div><\/div><\/div><div class=\"fusion-clearfix\"><\/div><\/div><\/div><div class=\"fusion-clearfix\"><\/div><div class=\"fusion-sep-clear\"><\/div><div class=\"fusion-separator fusion-full-width-sep sep-single\" style=\"border-color:#e0dede;border-top-width:1px;margin-left: auto;margin-right: auto;margin-top:;margin-bottom:20px;\"><\/div><div class=\"fusion-one-half fusion-layout-column fusion-spacing-yes\" style=\"margin-top:0px;margin-bottom:20px;\"><div class=\"fusion-column-wrapper\"><div class=\"fusion-person person fusion-person-left fusion-person-icon-top\"><div class=\"person-desc\"><div class=\"person-author\"><div class=\"person-author-wrapper\"><span class=\"person-name\">LUKA GROS<\/span><span class=\"person-title\">U\u010cITELJ CPP \/ U\u010cITELJ VO\u017dNJE<\/span><\/div><\/div><div class=\"person-content fusion-clearfix\">Kategorije: B<\/div><\/div><\/div><div class=\"fusion-clearfix\"><\/div><\/div><\/div><div class=\"fusion-one-half fusion-layout-column fusion-column-last fusion-spacing-yes\" style=\"margin-top:0px;margin-bottom:20px;\"><div class=\"fusion-column-wrapper\"><div class=\"fusion-person person fusion-person-left fusion-person-icon-top\"><div class=\"person-desc\"><div class=\"person-author\"><div class=\"person-author-wrapper\"><span class=\"person-name\">IVO DOBRI\u0106<\/span><span class=\"person-title\">U\u010cITELJ VO\u017dNJE<\/span><\/div><\/div><div class=\"person-content fusion-clearfix\">Kategorije: B<\/div><\/div><\/div><div class=\"fusion-clearfix\"><\/div><\/div><\/div><div class=\"fusion-clearfix\"><\/div><div class=\"fusion-sep-clear\"><\/div><div class=\"fusion-separator fusion-full-width-sep sep-single\" style=\"border-color:#e0dede;border-top-width:1px;margin-left: auto;margin-right: auto;margin-top:;margin-bottom:20px;\"><\/div><div class=\"fusion-one-half fusion-layout-column fusion-spacing-yes\" style=\"margin-top:0px;margin-bottom:20px;\"><div class=\"fusion-column-wrapper\"><div class=\"fusion-person person fusion-person-left fusion-person-icon-top\"><div class=\"person-desc\"><div class=\"person-author\"><div class=\"person-author-wrapper\"><span class=\"person-name\">DAVORIN IVAN\u010cI\u010c<\/span><span class=\"person-title\">U\u010cITELJ CPP \/ U\u010cITELJ VO\u017dNJE<\/span><\/div><\/div><div class=\"person-content fusion-clearfix\">Kategorije: AM &#8211; A1 &#8211; A2 &#8211; A &#8211; B <\/div><\/div><\/div><div class=\"fusion-clearfix\"><\/div><\/div><\/div><div class=\"fusion-one-half fusion-layout-column fusion-column-last fusion-spacing-yes\" style=\"margin-top:0px;margin-bottom:20px;\"><div class=\"fusion-column-wrapper\"><div class=\"fusion-person person fusion-person-left fusion-person-icon-top\"><div class=\"person-desc\"><div class=\"person-author\"><div class=\"person-author-wrapper\"><span class=\"person-name\">ALEN FRANK<\/span><span class=\"person-title\">U\u010cITELJ VO\u017dNJE<\/span><\/div><\/div><div class=\"person-content fusion-clearfix\">Kategorije: B <\/div><\/div><\/div><div class=\"fusion-clearfix\"><\/div><\/div><\/div><div class=\"fusion-clearfix\"><\/div><div class=\"fusion-sep-clear\"><\/div><div class=\"fusion-separator fusion-full-width-sep sep-single\" style=\"border-color:#e0dede;border-top-width:1px;margin-left: auto;margin-right: auto;margin-top:;margin-bottom:20px;\"><\/div><div class=\"fusion-one-half fusion-layout-column fusion-column-last fusion-spacing-yes\" style=\"margin-top:0px;margin-bottom:20px;\"><div class=\"fusion-column-wrapper\"><div class=\"fusion-person person fusion-person-left fusion-person-icon-top\"><div class=\"person-desc\"><div class=\"person-author\"><div class=\"person-author-wrapper\"><span class=\"person-name\">IGOR BABNIK<\/span><span class=\"person-title\">U\u010cITELJ VO\u017dNJE<\/span><\/div><\/div><div class=\"person-content fusion-clearfix\">Kategorije: B <\/div><\/div><\/div><div class=\"fusion-clearfix\"><\/div><\/div><\/div><div class=\"fusion-clearfix\"><\/div><div class=\"fusion-sep-clear\"><\/div><div class=\"fusion-separator fusion-full-width-sep sep-single\" style=\"border-color:#e0dede;border-top-width:1px;margin-left: auto;margin-right: auto;margin-top:;margin-bottom:20px;\"><\/div><div class=\"fusion-one-half fusion-layout-column fusion-column-last fusion-spacing-yes\" style=\"margin-top:0px;margin-bottom:20px;\"><div class=\"fusion-column-wrapper\"><div class=\"fusion-person person fusion-person-left fusion-person-icon-top\"><div class=\"person-desc\"><div class=\"person-author\"><div class=\"person-author-wrapper\"><span class=\"person-name\">\u017dELJKA IVANI\u0106<\/span><span class=\"person-title\">ADMINISTRATOR \u0160OLE VO\u017dNJE<\/span><\/div><\/div><div class=\"person-content fusion-clearfix\"><\/div><\/div><\/div><div class=\"fusion-clearfix\"><\/div><\/div><\/div><div class=\"fusion-clearfix\"><\/div><div class=\"fusion-one-half fusion-layout-column fusion-spacing-yes\" style=\"margin-top:0px;margin-bottom:20px;\"><div class=\"fusion-column-wrapper\"><div class=\"fusion-clearfix\"><\/div><\/div><\/div>\n","protected":false},"excerpt":{"rendered":"","protected":false},"author":1,"featured_media":0,"parent":0,"menu_order":0,"comment_status":"closed","ping_status":"closed","template":"","meta":[],"_links":{"self":[{"href":"http:\/\/gjd.si\/wordpress\/wp-json\/wp\/v2\/pages\/11628"}],"collection":[{"href":"http:\/\/gjd.si\/wordpress\/wp-json\/wp\/v2\/pages"}],"about":[{"href":"http:\/\/gjd.si\/wordpress\/wp-json\/wp\/v2\/types\/page"}],"author":[{"embeddable":true,"href":"http:\/\/gjd.si\/wordpress\/wp-json\/wp\/v2\/users\/1"}],"replies":[{"embeddable":true,"href":"http:\/\/gjd.si\/wordpress\/wp-json\/wp\/v2\/comments?post=11628"}],"version-history":[{"count":71,"href":"http:\/\/gjd.si\/wordpress\/wp-json\/wp\/v2\/pages\/11628\/revisions"}],"predecessor-version":[{"id":16550,"href":"http:\/\/gjd.si\/wordpress\/wp-json\/wp\/v2\/pages\/11628\/revisions\/16550"}],"wp:attachment":[{"href":"http:\/\/gjd.si\/wordpress\/wp-json\/wp\/v2\/media?parent=11628"}],"curies":[{"name":"wp","href":"https:\/\/api.w.org\/{rel}","templated":true}]}}