{"id":11649,"date":"2016-08-01T14:05:42","date_gmt":"2016-08-01T14:05:42","guid":{"rendered":"http:\/\/gjd.si\/wordpress\/?page_id=11649"},"modified":"2016-08-01T14:22:41","modified_gmt":"2016-08-01T14:22:41","slug":"novice","status":"publish","type":"page","link":"http:\/\/gjd.si\/wordpress\/novice\/","title":{"rendered":"NOVICE"},"content":{"rendered":"<div class=\"fusion-title title fusion-sep-none fusion-title-size-one\" style=\"margin-top:0px;margin-bottom:31px;\"><h1 class=\"title-heading-left\">Novice<\/h1><\/div><div class=\"fusion-blog-shortcode fusion-blog-shortcode-1 fusion-blog-archive fusion-blog-layout-timeline-wrapper fusion-blog-infinite\"><div class=\"fusion-posts-container fusion-posts-container-infinite fusion-posts-container-load-more\" data-pages=\"44\"><div class=\"fusion-timeline-icon\"><i class=\"fusion-icon-bubbles\"><\/i><\/div><div class=\"fusion-blog-layout-timeline fusion-clearfix\"><div class=\"fusion-timeline-line\"><\/div><h3 class=\"fusion-timeline-date\">March 2026<\/h3><div class=\"fusion-collapse-month\"><div id=\"post-16572\" class=\"fusion-post-timeline fusion-clearfix fusion-left-column post-16572 post type-post status-publish format-standard hentry category-uncategorized\">\n<div class=\"fusion-post-wrapper\">\r\n\r\n\r\n<div class=\"fusion-post-content-wrapper\"><div class=\"fusion-post-content post-content\"><div class=\"fusion-timeline-circle\"><\/div><div class=\"fusion-timeline-arrow\"><\/div><h2 class=\"entry-title\"><a href=\"http:\/\/gjd.si\/wordpress\/tecaj-cpp-izola-14-04-2026-ob-1600\/\">TE\u010cAJ CPP IZOLA 14.04.2026 ob 16:00<\/a><\/h2><p class=\"fusion-single-line-meta\">\r\n\t\r\n\t\t\t<span class=\"vcard\" style=\"display: none;\">\r\n\t\t\t<span class=\"fn\">\r\n\t\t\t\t<a href=\"http:\/\/gjd.si\/wordpress\/author\/novo\/\" title=\"Posts by novo\" rel=\"author\">novo<\/a>\t\t\t<\/span>\r\n\t\t<\/span>\r\n\t\r\n\t\r\n\r\n\t\r\n\t\r\n\t\t\t<span class=\"updated\" style=\"display:none;\">\r\n\t\t\t2026-03-20T10:55:03+00:00\t\t<\/span>\r\n\t\r\n<span>March 20th, 2026<\/span><span class=\"fusion-inline-sep\">|<\/span><\/p><div class=\"fusion-content-sep\"><\/div><div class=\"fusion-post-content-container\"><p>Spo\u0161tovani,&nbsp; v\u00a0torek 14.04.2026\u00a0ob\u00a016:00\u00a0uri\u00a0pri\u010dnemo s\u00a0TE\u010cAJEM\u00a0CPP.\u00a0 Termini te\u010daj CPP \u2013 6 dni: Splo\u0161ni del&nbsp;(obvezna prisotnost 3 dni) torek 14.04.2026 od 16:00 do 19:00 sreda 15.04.2026 od 16:00 do 19:00 \u010detrtek 16.04.2026 od 16:00 do 19:00 petek 17.04.2026 <a href=\"http:\/\/gjd.si\/wordpress\/tecaj-cpp-izola-14-04-2026-ob-1600\/\">[...]<\/a><\/p><\/div><\/div><div class=\"fusion-meta-info\"><div class=\"fusion-alignleft\"><a class=\"fusion-read-more\" href=\"http:\/\/gjd.si\/wordpress\/tecaj-cpp-izola-14-04-2026-ob-1600\/\">Read More<\/a><\/div><\/div><\/div><div class=\"fusion-clearfix\"><\/div><\/div>\n<\/div>\n<div id=\"post-16567\" class=\"fusion-post-timeline fusion-clearfix fusion-right-column post-16567 post type-post status-publish format-standard hentry category-uncategorized\">\n<div class=\"fusion-post-wrapper\">\r\n\r\n\r\n<div class=\"fusion-post-content-wrapper\"><div class=\"fusion-post-content post-content\"><div class=\"fusion-timeline-circle\"><\/div><div class=\"fusion-timeline-arrow\"><\/div><h2 class=\"entry-title\"><a href=\"http:\/\/gjd.si\/wordpress\/tecaj-cpp-koper-08-04-2026-ob-1600\/\">TE\u010cAJ CPP KOPER 08.04.2026 OB 16:00<\/a><\/h2><p class=\"fusion-single-line-meta\">\r\n\t\r\n\t\t\t<span class=\"vcard\" style=\"display: none;\">\r\n\t\t\t<span class=\"fn\">\r\n\t\t\t\t<a href=\"http:\/\/gjd.si\/wordpress\/author\/novo\/\" title=\"Posts by novo\" rel=\"author\">novo<\/a>\t\t\t<\/span>\r\n\t\t<\/span>\r\n\t\r\n\t\r\n\r\n\t\r\n\t\r\n\t\t\t<span class=\"updated\" style=\"display:none;\">\r\n\t\t\t2026-03-27T07:47:21+00:00\t\t<\/span>\r\n\t\r\n<span>March 20th, 2026<\/span><span class=\"fusion-inline-sep\">|<\/span><\/p><div class=\"fusion-content-sep\"><\/div><div class=\"fusion-post-content-container\"><p>Spo\u0161tovani,&nbsp; v&nbsp;sredo 08.04.2026&nbsp;ob&nbsp;16:00&nbsp;uri pri\u010dnemo s&nbsp;TE\u010cAJEM&nbsp;CPP. Termini te\u010daj CPP \u2013 6 dni: Splo\u0161ni del&nbsp;(obvezna prisotnost 3 dni) sreda 08.04.2026 od 16:00 do 19:00 \u010detrtek 09.04.2026 od 16:00 do 19:00 petek 10.04.2026 od 16:00 do 19:00 sobota <a href=\"http:\/\/gjd.si\/wordpress\/tecaj-cpp-koper-08-04-2026-ob-1600\/\">[...]<\/a><\/p><\/div><\/div><div class=\"fusion-meta-info\"><div class=\"fusion-alignleft\"><a class=\"fusion-read-more\" href=\"http:\/\/gjd.si\/wordpress\/tecaj-cpp-koper-08-04-2026-ob-1600\/\">Read More<\/a><\/div><\/div><\/div><div class=\"fusion-clearfix\"><\/div><\/div>\n<\/div>\n<div id=\"post-16563\" class=\"fusion-post-timeline fusion-clearfix fusion-left-column post-16563 post type-post status-publish format-standard hentry category-uncategorized\">\n<div class=\"fusion-post-wrapper\">\r\n\r\n\r\n<div class=\"fusion-post-content-wrapper\"><div class=\"fusion-post-content post-content\"><div class=\"fusion-timeline-circle\"><\/div><div class=\"fusion-timeline-arrow\"><\/div><h2 class=\"entry-title\"><a href=\"http:\/\/gjd.si\/wordpress\/tecaj-cpp-koper-18-03-2026-ob-1600\/\">TE\u010cAJ CPP KOPER 18.03.2026 OB 16:00<\/a><\/h2><p class=\"fusion-single-line-meta\">\r\n\t\r\n\t\t\t<span class=\"vcard\" style=\"display: none;\">\r\n\t\t\t<span class=\"fn\">\r\n\t\t\t\t<a href=\"http:\/\/gjd.si\/wordpress\/author\/novo\/\" title=\"Posts by novo\" rel=\"author\">novo<\/a>\t\t\t<\/span>\r\n\t\t<\/span>\r\n\t\r\n\t\r\n\r\n\t\r\n\t\r\n\t\t\t<span class=\"updated\" style=\"display:none;\">\r\n\t\t\t2026-03-02T14:23:40+00:00\t\t<\/span>\r\n\t\r\n<span>March 2nd, 2026<\/span><span class=\"fusion-inline-sep\">|<\/span><\/p><div class=\"fusion-content-sep\"><\/div><div class=\"fusion-post-content-container\"><p>Spo\u0161tovani,&nbsp; v\u00a0sredo 18.03.2026\u00a0ob\u00a016:00\u00a0uri pri\u010dnemo s\u00a0TE\u010cAJEM\u00a0CPP. Termini te\u010daj CPP \u2013 6 dni: Splo\u0161ni del\u00a0(obvezna prisotnost 3 dni) sreda 18.3.2026 od 16:00 do 19:00 \u010detrtek 19.3.2026 od 16:00 do 19:00 petek 20.3.2026 od 16:00 do 19:00 sobota <a href=\"http:\/\/gjd.si\/wordpress\/tecaj-cpp-koper-18-03-2026-ob-1600\/\">[...]<\/a><\/p><\/div><\/div><div class=\"fusion-meta-info\"><div class=\"fusion-alignleft\"><a class=\"fusion-read-more\" href=\"http:\/\/gjd.si\/wordpress\/tecaj-cpp-koper-18-03-2026-ob-1600\/\">Read More<\/a><\/div><\/div><\/div><div class=\"fusion-clearfix\"><\/div><\/div>\n<\/div>\n<\/div><h3 class=\"fusion-timeline-date\">February 2026<\/h3><div class=\"fusion-collapse-month\"><div id=\"post-16560\" class=\"fusion-post-timeline fusion-clearfix fusion-right-column post-16560 post type-post status-publish format-standard hentry category-uncategorized\">\n<div class=\"fusion-post-wrapper\">\r\n\r\n\r\n<div class=\"fusion-post-content-wrapper\"><div class=\"fusion-post-content post-content\"><div class=\"fusion-timeline-circle\"><\/div><div class=\"fusion-timeline-arrow\"><\/div><h2 class=\"entry-title\"><a href=\"http:\/\/gjd.si\/wordpress\/tecaj-cpp-izola-10-03-2026-ob-1600\/\">TE\u010cAJ CPP IZOLA 10.03.2026 ob 16:00<\/a><\/h2><p class=\"fusion-single-line-meta\">\r\n\t\r\n\t\t\t<span class=\"vcard\" style=\"display: none;\">\r\n\t\t\t<span class=\"fn\">\r\n\t\t\t\t<a href=\"http:\/\/gjd.si\/wordpress\/author\/novo\/\" title=\"Posts by novo\" rel=\"author\">novo<\/a>\t\t\t<\/span>\r\n\t\t<\/span>\r\n\t\r\n\t\r\n\r\n\t\r\n\t\r\n\t\t\t<span class=\"updated\" style=\"display:none;\">\r\n\t\t\t2026-02-19T09:57:23+00:00\t\t<\/span>\r\n\t\r\n<span>February 19th, 2026<\/span><span class=\"fusion-inline-sep\">|<\/span><\/p><div class=\"fusion-content-sep\"><\/div><div class=\"fusion-post-content-container\"><p>TE\u010cAJ CPP IZOLA 10.03.2026 ob 16:00 Spo\u0161tovani,&nbsp; v\u00a0torek 10.03.2026\u00a0ob\u00a016:00\u00a0uri\u00a0pri\u010dnemo s\u00a0TE\u010cAJEM\u00a0CPP.\u00a0 Termini te\u010daj CPP \u2013 6 dni: Splo\u0161ni del&nbsp;(obvezna prisotnost 3 dni) torek 10.03.2026 od 16:00 do 19:00 sreda 11.03.2026 od 16:00 do 19:00 \u010detrtek 12.03.2026 <a href=\"http:\/\/gjd.si\/wordpress\/tecaj-cpp-izola-10-03-2026-ob-1600\/\">[...]<\/a><\/p><\/div><\/div><div class=\"fusion-meta-info\"><div class=\"fusion-alignleft\"><a class=\"fusion-read-more\" href=\"http:\/\/gjd.si\/wordpress\/tecaj-cpp-izola-10-03-2026-ob-1600\/\">Read More<\/a><\/div><\/div><\/div><div class=\"fusion-clearfix\"><\/div><\/div>\n<\/div>\n<div id=\"post-16558\" class=\"fusion-post-timeline fusion-clearfix fusion-left-column post-16558 post type-post status-publish format-standard hentry category-uncategorized\">\n<div class=\"fusion-post-wrapper\">\r\n\r\n\r\n<div class=\"fusion-post-content-wrapper\"><div class=\"fusion-post-content post-content\"><div class=\"fusion-timeline-circle\"><\/div><div class=\"fusion-timeline-arrow\"><\/div><h2 class=\"entry-title\"><a href=\"http:\/\/gjd.si\/wordpress\/tecaj-cpp-za-am-a1-a2-in-a-kategorije-koper-04-03-2026-ob-1600\/\">TE\u010cAJ CPP za AM, A1, A2 in A kategorije KOPER 04.03.2026 ob 16:00<\/a><\/h2><p class=\"fusion-single-line-meta\">\r\n\t\r\n\t\t\t<span class=\"vcard\" style=\"display: none;\">\r\n\t\t\t<span class=\"fn\">\r\n\t\t\t\t<a href=\"http:\/\/gjd.si\/wordpress\/author\/novo\/\" title=\"Posts by novo\" rel=\"author\">novo<\/a>\t\t\t<\/span>\r\n\t\t<\/span>\r\n\t\r\n\t\r\n\r\n\t\r\n\t\r\n\t\t\t<span class=\"updated\" style=\"display:none;\">\r\n\t\t\t2026-02-19T09:53:33+00:00\t\t<\/span>\r\n\t\r\n<span>February 19th, 2026<\/span><span class=\"fusion-inline-sep\">|<\/span><\/p><div class=\"fusion-content-sep\"><\/div><div class=\"fusion-post-content-container\"><p>V sredo,\u00a0dne\u00a004.03.2026\u00a0ob\u00a016:00 uri\u00a0pri\u010dnemo s\u00a0TE\u010cAJEM\u00a0CPP\u00a0za\u00a0AM, A1, A2 in A KATEGORIJE. Lokacija: Ferrarska ulica 8, 6000&nbsp;Koper.Prijave mo\u017ene tel.:&nbsp;041 379 114&nbsp;ali&nbsp;041 658 058&nbsp;mail:&nbsp;info@gjd.si&nbsp;oziroma v prostorih \u0161ole vo\u017enje. Vabljeni!<\/p><\/div><\/div><div class=\"fusion-meta-info\"><div class=\"fusion-alignleft\"><a class=\"fusion-read-more\" href=\"http:\/\/gjd.si\/wordpress\/tecaj-cpp-za-am-a1-a2-in-a-kategorije-koper-04-03-2026-ob-1600\/\">Read More<\/a><\/div><\/div><\/div><div class=\"fusion-clearfix\"><\/div><\/div>\n<\/div>\n<\/div><h3 class=\"fusion-timeline-date\">January 2026<\/h3><div class=\"fusion-collapse-month\"><div id=\"post-16554\" class=\"fusion-post-timeline fusion-clearfix fusion-right-column post-16554 post type-post status-publish format-standard hentry category-uncategorized\">\n<div class=\"fusion-post-wrapper\">\r\n\r\n\r\n<div class=\"fusion-post-content-wrapper\"><div class=\"fusion-post-content post-content\"><div class=\"fusion-timeline-circle\"><\/div><div class=\"fusion-timeline-arrow\"><\/div><h2 class=\"entry-title\"><a href=\"http:\/\/gjd.si\/wordpress\/tecaj-cpp-koper-25-02-2026-ob-1600\/\">TE\u010cAJ CPP KOPER 25.02.2026 OB 16:00<\/a><\/h2><p class=\"fusion-single-line-meta\">\r\n\t\r\n\t\t\t<span class=\"vcard\" style=\"display: none;\">\r\n\t\t\t<span class=\"fn\">\r\n\t\t\t\t<a href=\"http:\/\/gjd.si\/wordpress\/author\/novo\/\" title=\"Posts by novo\" rel=\"author\">novo<\/a>\t\t\t<\/span>\r\n\t\t<\/span>\r\n\t\r\n\t\r\n\r\n\t\r\n\t\r\n\t\t\t<span class=\"updated\" style=\"display:none;\">\r\n\t\t\t2026-01-26T09:07:51+00:00\t\t<\/span>\r\n\t\r\n<span>January 26th, 2026<\/span><span class=\"fusion-inline-sep\">|<\/span><\/p><div class=\"fusion-content-sep\"><\/div><div class=\"fusion-post-content-container\"><p>Spo\u0161tovani,&nbsp; v\u00a0sredo 25.02.2026\u00a0ob\u00a016:00\u00a0uri pri\u010dnemo s\u00a0TE\u010cAJEM\u00a0CPP. Termini te\u010daj CPP \u2013 6 dni: Splo\u0161ni del&nbsp;(obvezna prisotnost 3 dni) sreda 25.2.2026 od 16:00 do 19:00 \u010detrtek 26.2.2026 od 16:00 do 19:00 petek 27.2.2026 od 16:00 do 19:00 sobota <a href=\"http:\/\/gjd.si\/wordpress\/tecaj-cpp-koper-25-02-2026-ob-1600\/\">[...]<\/a><\/p><\/div><\/div><div class=\"fusion-meta-info\"><div class=\"fusion-alignleft\"><a class=\"fusion-read-more\" href=\"http:\/\/gjd.si\/wordpress\/tecaj-cpp-koper-25-02-2026-ob-1600\/\">Read More<\/a><\/div><\/div><\/div><div class=\"fusion-clearfix\"><\/div><\/div>\n<\/div>\n<\/div><\/div><\/div>\r\n\t\t\t\t\t\t\t\t\t<div class='pagination clearfix'>\r\n\t\t\t\r\n\t\t\t\r\n\t\t\t\t\t\t\t\t\t\t\t\t\t\t\t\t\t\t<span class=\"current\">1<\/span>\r\n\t\t\t\t\t\t\t\t\t\t\t\t\t\t\t\t\t\t\t\t\t\t\t\t\t\t\t<a href=\"http:\/\/gjd.si\/wordpress\/wp-json\/wp\/v2\/pages\/11649\/page\/2\/\" class=\"inactive\">2<\/a>\r\n\t\t\t\t\t\t\t\t\t\t\t\t\t\t\t\t\t\t\t\t\t\t\t\t\t\t\t<a href=\"http:\/\/gjd.si\/wordpress\/wp-json\/wp\/v2\/pages\/11649\/page\/3\/\" class=\"inactive\">3<\/a>\r\n\t\t\t\t\t\t\t\t\t\t\t\t\t\t\t\t\t\t\t\t\t\t\t\t\t\t\t\t\t\t\t\t\t\t\t\t\t\t\t\t\t\t\t\t\t\t\t\t\t\t\t\t\t\t\t\t\t\t\t\t\t\t\t\t\t\t\t\t\t\t\t\t\t\t\t\t\t\t\t\t\t\t\t\t\t\t\t\t\t\t\t\t\t\t\t\t\t\t\t\t\t\t\t\t\t\t\t\t\t\t\t\t\t\t\t\t\t\t\t\t\t\t\t\t\t\t\t\t\t\t\t\t\t\t\t\t\t\t\t\t\t\t\t\t\t\t\t\t\t\t\t\t\t\t\t\t\t\t\t\t\t\t\t\t\t\t\t\t\t\t\t\t\t\t\t\t\t\t\t\t\t\t\t\t\t\t\t\t\t\t\t\t\t\t\t\t\t\t\t\t\t\t\t\t\t\t\t\t\t\t\t\t\t\t\t\t\t\t\t\t\t\t\t\t\t\t\t\t\t\t\t\t\t\t\t\t\t\t\t\t\t\t\t\t\t\t\t\t\t\t\t\t\t\t\t\t\t\t\t\t\t\t\t\t\t\t\t\t\t\t\t\t\t\t\t\t\t\t\t\t\t\t\t\t\t\t\t\t\t\t\t\t\t\t\t\t\t\t\t\r\n\t\t\t\t\t\t\t<a class=\"pagination-next\" href=\"http:\/\/gjd.si\/wordpress\/wp-json\/wp\/v2\/pages\/11649\/page\/2\/\">\r\n\t\t\t\t\t<span class=\"page-text\">Next<\/span>\r\n\t\t\t\t\t<span class=\"page-next\"><\/span>\r\n\t\t\t\t<\/a>\r\n\t\t\t\r\n\t\t\t<\/div>\r\n\t\t\t\t\t<div class=\"fusion-load-more-button fusion-blog-button fusion-clearfix\">Load More Posts<\/div><\/div>\n","protected":false},"excerpt":{"rendered":"","protected":false},"author":1,"featured_media":0,"parent":0,"menu_order":0,"comment_status":"closed","ping_status":"closed","template":"","meta":[],"_links":{"self":[{"href":"http:\/\/gjd.si\/wordpress\/wp-json\/wp\/v2\/pages\/11649"}],"collection":[{"href":"http:\/\/gjd.si\/wordpress\/wp-json\/wp\/v2\/pages"}],"about":[{"href":"http:\/\/gjd.si\/wordpress\/wp-json\/wp\/v2\/types\/page"}],"author":[{"embeddable":true,"href":"http:\/\/gjd.si\/wordpress\/wp-json\/wp\/v2\/users\/1"}],"replies":[{"embeddable":true,"href":"http:\/\/gjd.si\/wordpress\/wp-json\/wp\/v2\/comments?post=11649"}],"version-history":[{"count":6,"href":"http:\/\/gjd.si\/wordpress\/wp-json\/wp\/v2\/pages\/11649\/revisions"}],"predecessor-version":[{"id":11656,"href":"http:\/\/gjd.si\/wordpress\/wp-json\/wp\/v2\/pages\/11649\/revisions\/11656"}],"wp:attachment":[{"href":"http:\/\/gjd.si\/wordpress\/wp-json\/wp\/v2\/media?parent=11649"}],"curies":[{"name":"wp","href":"https:\/\/api.w.org\/{rel}","templated":true}]}}