{"id":12466,"date":"2019-07-12T07:41:29","date_gmt":"2019-07-12T07:41:29","guid":{"rendered":"http:\/\/gjd.si\/wordpress\/?page_id=12466"},"modified":"2019-07-12T07:42:52","modified_gmt":"2019-07-12T07:42:52","slug":"tecaj-cpp-24-07-2019-ob-1600-izola","status":"publish","type":"page","link":"http:\/\/gjd.si\/wordpress\/tecaj-cpp-24-07-2019-ob-1600-izola\/","title":{"rendered":"TE\u010cAJ CPP 24.07.2019 ob 16:00 IZOLA"},"content":{"rendered":"<p>V <strong>sredo 24.07.2019<\/strong> ob <strong>16:00 uri<\/strong> pri\u010dnemo s <strong>TE\u010cAJEM CPP<\/strong>. Lokacija: Drevored 1.maja 4 A, 6310 <strong>IZOLA<\/strong>.<br \/>\nPrijave mo\u017ene na telefonski \u0161tevilki: <strong>041 658 058<\/strong> ali mail: <strong>info@gjd.si<\/strong> oziroma v prostorih \u0161ole vo\u017enje.<br \/>\nVabljeni!<\/p>\n","protected":false},"excerpt":{"rendered":"<p>V sredo 24.07.2019 ob 16:00 uri pri\u010dnemo s TE\u010cAJEM CPP. Lokacija: Drevored 1.maja 4 A, 6310 IZOLA. Prijave mo\u017ene na telefonski \u0161tevilki: 041 658 058 ali mail: info@gjd.si oziroma v prostorih \u0161ole vo\u017enje. Vabljeni!<\/p>\n","protected":false},"author":1,"featured_media":11790,"parent":0,"menu_order":0,"comment_status":"closed","ping_status":"closed","template":"","meta":[],"_links":{"self":[{"href":"http:\/\/gjd.si\/wordpress\/wp-json\/wp\/v2\/pages\/12466"}],"collection":[{"href":"http:\/\/gjd.si\/wordpress\/wp-json\/wp\/v2\/pages"}],"about":[{"href":"http:\/\/gjd.si\/wordpress\/wp-json\/wp\/v2\/types\/page"}],"author":[{"embeddable":true,"href":"http:\/\/gjd.si\/wordpress\/wp-json\/wp\/v2\/users\/1"}],"replies":[{"embeddable":true,"href":"http:\/\/gjd.si\/wordpress\/wp-json\/wp\/v2\/comments?post=12466"}],"version-history":[{"count":1,"href":"http:\/\/gjd.si\/wordpress\/wp-json\/wp\/v2\/pages\/12466\/revisions"}],"predecessor-version":[{"id":12467,"href":"http:\/\/gjd.si\/wordpress\/wp-json\/wp\/v2\/pages\/12466\/revisions\/12467"}],"wp:featuredmedia":[{"embeddable":true,"href":"http:\/\/gjd.si\/wordpress\/wp-json\/wp\/v2\/media\/11790"}],"wp:attachment":[{"href":"http:\/\/gjd.si\/wordpress\/wp-json\/wp\/v2\/media?parent=12466"}],"curies":[{"name":"wp","href":"https:\/\/api.w.org\/{rel}","templated":true}]}}